{"id":44,"date":"2026-03-25T05:07:36","date_gmt":"2026-03-25T08:07:36","guid":{"rendered":"http:\/\/sw-themes.com\/porto_dummy\/?post_type=product&#038;p=44"},"modified":"2026-04-09T12:15:15","modified_gmt":"2026-04-09T15:15:15","slug":"golden-dining-chair","status":"publish","type":"product","link":"https:\/\/www.tododescuento.cl\/web\/product\/golden-dining-chair\/","title":{"rendered":"Silla Gammer Profesional \/ Kawaii"},"content":{"rendered":"<div class=\"wpb-content-wrapper\"><p>[vc_row][vc_column][vc_column_text css=\u00bb\u00bb css_params=\u00bb\u00bb]Fant\u00e1stica silla de videojuego profesional que ofrece un ambiente relajante durante largas horas, tambi\u00e9n se puede utilizar para trabajar, ver la televisi\u00f3n o descansar.<\/p>\n<p>El asiento est\u00e1 tapizado en PVC sint\u00e9tico resistente al desgaste y relleno de espuma de alta calidad, es ergon\u00f3mico, por lo que no experimentar\u00e1 dolor de espalda ni fatiga, adem\u00e1s cuenta con reposacabezas acolchado y soporte lumbar regulable en forma de coraz\u00f3n para que pueda descansar durante sus actividades. Tiene una inclinaci\u00f3n de hasta 150 grados.<\/p>\n<p>Base de Policarbonato con cubierta pl\u00e1stica.<\/p>\n<p>Est\u00e1 equipado con apoyabrazos de PVC para cuidar codos y antebrazos, reduciendo el estr\u00e9s regular.<\/p>\n<p>El asiento giratorio de 360 grados le brinda una gran comodidad y tambi\u00e9n puede cambiar la altura a su gusto utilizando el mecanismo de elevaci\u00f3n de gas la base est\u00e1 fabricada en nailon y cuenta con cinco ruedas giratorias que te permitir\u00e1n moverse libremente.<\/p>\n<p>Tiene un marco de alta calidad para mejorar la capacidad de carga de la silla y garantizar una vida \u00fatil m\u00e1s larga.<\/p>\n<p>Garant\u00eda del vendedor: 3 meses[\/vc_column_text][\/vc_column][\/vc_row]<\/p>\n<\/div>","protected":false},"excerpt":{"rendered":"<p>Fant\u00e1stica silla de videojuego profesional que ofrece un ambiente relajante durante largas horas, tambi\u00e9n se puede utilizar para trabajar, ver la televisi\u00f3n o descansar.<\/p>\n","protected":false},"featured_media":1735,"comment_status":"open","ping_status":"closed","template":"","meta":{"_joinchat":[]},"product_brand":[190],"product_cat":[31,203],"product_tag":[],"class_list":{"0":"post-44","1":"product","2":"type-product","3":"status-publish","4":"has-post-thumbnail","6":"product_brand-tododescuento","7":"product_cat-gammer","8":"product_cat-sillas-gammer","10":"first","11":"instock","12":"sale","13":"featured","14":"taxable","15":"shipping-taxable","16":"purchasable","17":"product-type-simple"},"jetpack_sharing_enabled":true,"_links":{"self":[{"href":"https:\/\/www.tododescuento.cl\/web\/wp-json\/wp\/v2\/product\/44","targetHints":{"allow":["GET"]}}],"collection":[{"href":"https:\/\/www.tododescuento.cl\/web\/wp-json\/wp\/v2\/product"}],"about":[{"href":"https:\/\/www.tododescuento.cl\/web\/wp-json\/wp\/v2\/types\/product"}],"replies":[{"embeddable":true,"href":"https:\/\/www.tododescuento.cl\/web\/wp-json\/wp\/v2\/comments?post=44"}],"wp:featuredmedia":[{"embeddable":true,"href":"https:\/\/www.tododescuento.cl\/web\/wp-json\/wp\/v2\/media\/1735"}],"wp:attachment":[{"href":"https:\/\/www.tododescuento.cl\/web\/wp-json\/wp\/v2\/media?parent=44"}],"wp:term":[{"taxonomy":"product_brand","embeddable":true,"href":"https:\/\/www.tododescuento.cl\/web\/wp-json\/wp\/v2\/product_brand?post=44"},{"taxonomy":"product_cat","embeddable":true,"href":"https:\/\/www.tododescuento.cl\/web\/wp-json\/wp\/v2\/product_cat?post=44"},{"taxonomy":"product_tag","embeddable":true,"href":"https:\/\/www.tododescuento.cl\/web\/wp-json\/wp\/v2\/product_tag?post=44"}],"curies":[{"name":"wp","href":"https:\/\/api.w.org\/{rel}","templated":true}]}}