{"id":2013,"date":"2026-04-09T11:19:37","date_gmt":"2026-04-09T14:19:37","guid":{"rendered":"https:\/\/www.tododescuento.cl\/web\/?post_type=product&#038;p=2013"},"modified":"2026-04-09T11:19:37","modified_gmt":"2026-04-09T14:19:37","slug":"auto-electrico-mercedes-benz-g500","status":"publish","type":"product","link":"https:\/\/www.tododescuento.cl\/web\/product\/auto-electrico-mercedes-benz-g500\/","title":{"rendered":"Auto El\u00e9ctrico &#8211; Mercedes Benz G500"},"content":{"rendered":"","protected":false},"excerpt":{"rendered":"<p>\u00a1Convierte cada paseo en una experiencia de lujo! El Mercedes-Benz G500 el\u00e9ctrico con licencia oficial est\u00e1 dise\u00f1ado para ni\u00f1os entre 3 y 8 a\u00f1os que sue\u00f1an con aventuras al volante.<\/p>\n","protected":false},"featured_media":2014,"comment_status":"open","ping_status":"closed","template":"","meta":{"_joinchat":[]},"product_brand":[],"product_cat":[196,63],"product_tag":[],"class_list":{"0":"post-2013","1":"product","2":"type-product","3":"status-publish","4":"has-post-thumbnail","6":"product_cat-electricos","7":"product_cat-juguetes","9":"first","10":"instock","11":"taxable","12":"shipping-taxable","13":"purchasable","14":"product-type-variable"},"jetpack_sharing_enabled":true,"_links":{"self":[{"href":"https:\/\/www.tododescuento.cl\/web\/wp-json\/wp\/v2\/product\/2013","targetHints":{"allow":["GET"]}}],"collection":[{"href":"https:\/\/www.tododescuento.cl\/web\/wp-json\/wp\/v2\/product"}],"about":[{"href":"https:\/\/www.tododescuento.cl\/web\/wp-json\/wp\/v2\/types\/product"}],"replies":[{"embeddable":true,"href":"https:\/\/www.tododescuento.cl\/web\/wp-json\/wp\/v2\/comments?post=2013"}],"wp:featuredmedia":[{"embeddable":true,"href":"https:\/\/www.tododescuento.cl\/web\/wp-json\/wp\/v2\/media\/2014"}],"wp:attachment":[{"href":"https:\/\/www.tododescuento.cl\/web\/wp-json\/wp\/v2\/media?parent=2013"}],"wp:term":[{"taxonomy":"product_brand","embeddable":true,"href":"https:\/\/www.tododescuento.cl\/web\/wp-json\/wp\/v2\/product_brand?post=2013"},{"taxonomy":"product_cat","embeddable":true,"href":"https:\/\/www.tododescuento.cl\/web\/wp-json\/wp\/v2\/product_cat?post=2013"},{"taxonomy":"product_tag","embeddable":true,"href":"https:\/\/www.tododescuento.cl\/web\/wp-json\/wp\/v2\/product_tag?post=2013"}],"curies":[{"name":"wp","href":"https:\/\/api.w.org\/{rel}","templated":true}]}}