{"id":1950,"date":"2026-04-07T19:06:22","date_gmt":"2026-04-07T22:06:22","guid":{"rendered":"https:\/\/www.tododescuento.cl\/web\/?post_type=product&#038;p=1950"},"modified":"2026-04-08T16:30:14","modified_gmt":"2026-04-08T19:30:14","slug":"silla-gamer-corazon-ergonomica","status":"publish","type":"product","link":"https:\/\/www.tododescuento.cl\/web\/product\/silla-gamer-corazon-ergonomica\/","title":{"rendered":"Silla Gamer Coraz\u00f3n Ergon\u00f3mica"},"content":{"rendered":"","protected":false},"excerpt":{"rendered":"<p>Fant\u00e1stica silla de videojuego profesional que ofrece un ambiente relajante durante largas horas,, tambi\u00e9n se puede utilizar para trabajar, ver la televisi\u00f3n o descansar.<\/p>\n","protected":false},"featured_media":1951,"comment_status":"open","ping_status":"closed","template":"","meta":{"_joinchat":[]},"product_brand":[36],"product_cat":[31,203],"product_tag":[],"class_list":{"0":"post-1950","1":"product","2":"type-product","3":"status-publish","4":"has-post-thumbnail","6":"product_brand-tophome","7":"product_cat-gammer","8":"product_cat-sillas-gammer","10":"first","11":"instock","12":"sale","13":"featured","14":"taxable","15":"shipping-taxable","16":"purchasable","17":"product-type-simple"},"jetpack_sharing_enabled":true,"_links":{"self":[{"href":"https:\/\/www.tododescuento.cl\/web\/wp-json\/wp\/v2\/product\/1950","targetHints":{"allow":["GET"]}}],"collection":[{"href":"https:\/\/www.tododescuento.cl\/web\/wp-json\/wp\/v2\/product"}],"about":[{"href":"https:\/\/www.tododescuento.cl\/web\/wp-json\/wp\/v2\/types\/product"}],"replies":[{"embeddable":true,"href":"https:\/\/www.tododescuento.cl\/web\/wp-json\/wp\/v2\/comments?post=1950"}],"wp:featuredmedia":[{"embeddable":true,"href":"https:\/\/www.tododescuento.cl\/web\/wp-json\/wp\/v2\/media\/1951"}],"wp:attachment":[{"href":"https:\/\/www.tododescuento.cl\/web\/wp-json\/wp\/v2\/media?parent=1950"}],"wp:term":[{"taxonomy":"product_brand","embeddable":true,"href":"https:\/\/www.tododescuento.cl\/web\/wp-json\/wp\/v2\/product_brand?post=1950"},{"taxonomy":"product_cat","embeddable":true,"href":"https:\/\/www.tododescuento.cl\/web\/wp-json\/wp\/v2\/product_cat?post=1950"},{"taxonomy":"product_tag","embeddable":true,"href":"https:\/\/www.tododescuento.cl\/web\/wp-json\/wp\/v2\/product_tag?post=1950"}],"curies":[{"name":"wp","href":"https:\/\/api.w.org\/{rel}","templated":true}]}}