{"id":1919,"date":"2026-04-07T13:16:12","date_gmt":"2026-04-07T16:16:12","guid":{"rendered":"https:\/\/www.tododescuento.cl\/web\/?post_type=product&#038;p=1919"},"modified":"2026-04-07T17:03:32","modified_gmt":"2026-04-07T20:03:32","slug":"silla-gamer-x-zone-ergonomica","status":"publish","type":"product","link":"https:\/\/www.tododescuento.cl\/web\/product\/silla-gamer-x-zone-ergonomica\/","title":{"rendered":"Silla Gamer X-ZONE Ergon\u00f3mica"},"content":{"rendered":"","protected":false},"excerpt":{"rendered":"<div class=\"woocommerce-product-details__short-description\">\n<p>Para jugar c\u00f3modamente durante horas, cuenta con un dise\u00f1o s\u00faper ergon\u00f3mico.<\/p>\n<\/div>\n","protected":false},"featured_media":1926,"comment_status":"open","ping_status":"closed","template":"","meta":{"_joinchat":[]},"product_brand":[],"product_cat":[31,203],"product_tag":[],"class_list":{"0":"post-1919","1":"product","2":"type-product","3":"status-publish","4":"has-post-thumbnail","6":"product_cat-gammer","7":"product_cat-sillas-gammer","9":"first","10":"instock","11":"taxable","12":"shipping-taxable","13":"purchasable","14":"product-type-variable"},"jetpack_sharing_enabled":true,"_links":{"self":[{"href":"https:\/\/www.tododescuento.cl\/web\/wp-json\/wp\/v2\/product\/1919","targetHints":{"allow":["GET"]}}],"collection":[{"href":"https:\/\/www.tododescuento.cl\/web\/wp-json\/wp\/v2\/product"}],"about":[{"href":"https:\/\/www.tododescuento.cl\/web\/wp-json\/wp\/v2\/types\/product"}],"replies":[{"embeddable":true,"href":"https:\/\/www.tododescuento.cl\/web\/wp-json\/wp\/v2\/comments?post=1919"}],"wp:featuredmedia":[{"embeddable":true,"href":"https:\/\/www.tododescuento.cl\/web\/wp-json\/wp\/v2\/media\/1926"}],"wp:attachment":[{"href":"https:\/\/www.tododescuento.cl\/web\/wp-json\/wp\/v2\/media?parent=1919"}],"wp:term":[{"taxonomy":"product_brand","embeddable":true,"href":"https:\/\/www.tododescuento.cl\/web\/wp-json\/wp\/v2\/product_brand?post=1919"},{"taxonomy":"product_cat","embeddable":true,"href":"https:\/\/www.tododescuento.cl\/web\/wp-json\/wp\/v2\/product_cat?post=1919"},{"taxonomy":"product_tag","embeddable":true,"href":"https:\/\/www.tododescuento.cl\/web\/wp-json\/wp\/v2\/product_tag?post=1919"}],"curies":[{"name":"wp","href":"https:\/\/api.w.org\/{rel}","templated":true}]}}