{"id":1750,"date":"2026-03-26T16:52:52","date_gmt":"2026-03-26T19:52:52","guid":{"rendered":"https:\/\/www.tododescuento.cl\/web\/?post_type=product&#038;p=1750"},"modified":"2026-04-01T09:34:01","modified_gmt":"2026-04-01T12:34:01","slug":"mesa-plegable-maleta-180cm-arma-facil-blanca","status":"publish","type":"product","link":"https:\/\/www.tododescuento.cl\/web\/product\/mesa-plegable-maleta-180cm-arma-facil-blanca\/","title":{"rendered":"Mesa Plegable Maleta 180cm, Arma F\u00e1cil"},"content":{"rendered":"","protected":false},"excerpt":{"rendered":"<p>La Mesa plegable tipo maleta es la mejor opci\u00f3n para compartir tus amigos. Es transportable y es perfecta para usarla al aire libre como tambi\u00e9n en interiores. Se puede usar a la intemperie por su cubierta pl\u00e1stica de alta resistencia, soporta el sol y el agua sin problemas.<\/p>\n","protected":false},"featured_media":1751,"comment_status":"open","ping_status":"closed","template":"","meta":{"_joinchat":[]},"product_brand":[190],"product_cat":[135,202],"product_tag":[],"class_list":{"0":"post-1750","1":"product","2":"type-product","3":"status-publish","4":"has-post-thumbnail","6":"product_brand-tododescuento","7":"product_cat-mesas","8":"product_cat-muebles","10":"first","11":"instock","12":"sale","13":"featured","14":"taxable","15":"shipping-taxable","16":"purchasable","17":"product-type-variable"},"jetpack_sharing_enabled":true,"_links":{"self":[{"href":"https:\/\/www.tododescuento.cl\/web\/wp-json\/wp\/v2\/product\/1750","targetHints":{"allow":["GET"]}}],"collection":[{"href":"https:\/\/www.tododescuento.cl\/web\/wp-json\/wp\/v2\/product"}],"about":[{"href":"https:\/\/www.tododescuento.cl\/web\/wp-json\/wp\/v2\/types\/product"}],"replies":[{"embeddable":true,"href":"https:\/\/www.tododescuento.cl\/web\/wp-json\/wp\/v2\/comments?post=1750"}],"wp:featuredmedia":[{"embeddable":true,"href":"https:\/\/www.tododescuento.cl\/web\/wp-json\/wp\/v2\/media\/1751"}],"wp:attachment":[{"href":"https:\/\/www.tododescuento.cl\/web\/wp-json\/wp\/v2\/media?parent=1750"}],"wp:term":[{"taxonomy":"product_brand","embeddable":true,"href":"https:\/\/www.tododescuento.cl\/web\/wp-json\/wp\/v2\/product_brand?post=1750"},{"taxonomy":"product_cat","embeddable":true,"href":"https:\/\/www.tododescuento.cl\/web\/wp-json\/wp\/v2\/product_cat?post=1750"},{"taxonomy":"product_tag","embeddable":true,"href":"https:\/\/www.tododescuento.cl\/web\/wp-json\/wp\/v2\/product_tag?post=1750"}],"curies":[{"name":"wp","href":"https:\/\/api.w.org\/{rel}","templated":true}]}}