{"id":1743,"date":"2026-03-26T15:58:15","date_gmt":"2026-03-26T18:58:15","guid":{"rendered":"https:\/\/www.tododescuento.cl\/web\/?post_type=product&#038;p=1743"},"modified":"2026-04-01T11:50:35","modified_gmt":"2026-04-01T14:50:35","slug":"filamento-3d-pla-tronxy-de-1-75mm-y-1kg-negro","status":"publish","type":"product","link":"https:\/\/www.tododescuento.cl\/web\/product\/filamento-3d-pla-tronxy-de-1-75mm-y-1kg-negro\/","title":{"rendered":"Filamento 3d Pla Tronxy &#8211; Negro"},"content":{"rendered":"","protected":false},"excerpt":{"rendered":"<p>Para que tus impresiones 3D tengan una precisi\u00f3n y resoluci\u00f3n excepcional necesitar\u00e1s el mejor material para poder crear y convertir en realidad los productos que imaginas.<\/p>\n","protected":false},"featured_media":1749,"comment_status":"open","ping_status":"closed","template":"","meta":{"_joinchat":[]},"product_brand":[29],"product_cat":[201,51],"product_tag":[],"class_list":{"0":"post-1743","1":"product","2":"type-product","3":"status-publish","4":"has-post-thumbnail","6":"product_brand-tronxy","7":"product_cat-filamentos","8":"product_cat-kitchen","10":"first","11":"instock","12":"sale","13":"featured","14":"taxable","15":"shipping-taxable","16":"purchasable","17":"product-type-simple"},"jetpack_sharing_enabled":true,"_links":{"self":[{"href":"https:\/\/www.tododescuento.cl\/web\/wp-json\/wp\/v2\/product\/1743","targetHints":{"allow":["GET"]}}],"collection":[{"href":"https:\/\/www.tododescuento.cl\/web\/wp-json\/wp\/v2\/product"}],"about":[{"href":"https:\/\/www.tododescuento.cl\/web\/wp-json\/wp\/v2\/types\/product"}],"replies":[{"embeddable":true,"href":"https:\/\/www.tododescuento.cl\/web\/wp-json\/wp\/v2\/comments?post=1743"}],"wp:featuredmedia":[{"embeddable":true,"href":"https:\/\/www.tododescuento.cl\/web\/wp-json\/wp\/v2\/media\/1749"}],"wp:attachment":[{"href":"https:\/\/www.tododescuento.cl\/web\/wp-json\/wp\/v2\/media?parent=1743"}],"wp:term":[{"taxonomy":"product_brand","embeddable":true,"href":"https:\/\/www.tododescuento.cl\/web\/wp-json\/wp\/v2\/product_brand?post=1743"},{"taxonomy":"product_cat","embeddable":true,"href":"https:\/\/www.tododescuento.cl\/web\/wp-json\/wp\/v2\/product_cat?post=1743"},{"taxonomy":"product_tag","embeddable":true,"href":"https:\/\/www.tododescuento.cl\/web\/wp-json\/wp\/v2\/product_tag?post=1743"}],"curies":[{"name":"wp","href":"https:\/\/api.w.org\/{rel}","templated":true}]}}