{"id":473,"date":"2024-07-12T14:01:58","date_gmt":"2024-07-12T14:01:58","guid":{"rendered":"http:\/\/sw-themes.com\/porto_dummy\/?page_id=473"},"modified":"2026-03-19T14:59:53","modified_gmt":"2026-03-19T17:59:53","slug":"contactenos","status":"publish","type":"page","link":"https:\/\/www.tododescuento.cl\/web\/contactenos\/","title":{"rendered":"Cont\u00e1ctenos"},"content":{"rendered":"<div class=\"wpb-content-wrapper\"><p>[vc_row content_placement=\u00bbmiddle\u00bb css=\u00bb.vc_custom_1725336536348{margin-top: 4.45vw !important;margin-bottom: 4.4rem !important;}\u00bb conditional_render=\u00bb%5B%7B%22value_role%22%3A%22administrator%22%7D%5D\u00bb css_params=\u00bb{\u00abcss_margin_top_lg\u00ab:\u00ab1.0625rem\u00ab,\u00abcss_margin_bottom_lg\u00ab:\u00ab3.4rem\u00ab,\u00abcss_margin_bottom_md\u00ab:\u00ab1rem\u00ab,\u00abcss_margin_top_md\u00ab:\u00ab0.15rem\u00ab}\u00bb custom_css_response=\u00bb@media(max-width:991px){.vc_custom_1725336536348{margin-top:1.0625rem!important;margin-bottom:3.4rem!important;}}@media(max-width:767px){.vc_custom_1725336536348{margin-top:0.15rem!important;margin-bottom:1rem!important;}}\u00bb][vc_column width=\u00bb1\/12&#8243; conditional_render=\u00bb%5B%7B%22value_role%22%3A%22administrator%22%7D%5D\u00bb offset=\u00bbvc_hidden-md vc_hidden-sm vc_hidden-xs\u00bb][\/vc_column][vc_column width=\u00bb1\/2&#8243; conditional_render=\u00bb%5B%7B%22value_role%22%3A%22administrator%22%7D%5D\u00bb css=\u00bb.vc_custom_1724996385670{padding-right: 4vw !important;}\u00bb offset=\u00bbvc_col-lg-5&#8243; css_params=\u00bb{\u00abcss_padding_right_lg\u00ab:\u00ab10px\u00ab}\u00bb custom_css_response=\u00bb@media(max-width:991px){.vc_custom_1724996385670{padding-right:10px!important;}}\u00bb]<div class=\"porto-u-heading  wpb_custom_377baba8775040eb069e3ca88b3c37ea porto-u-ad87e2eaf3f9c495180fe0156ddf3eb0  vc_custom_1773867923288\"><div class=\"porto-u-main-heading\"><div  >\u00a1Nos encantar\u00eda saber de ti! Nuestro equipo est\u00e1 a tu disposici\u00f3n para ayudarte con cualquier consulta, brindarte asesor\u00eda personalizada o resolver cualquier duda que tengas.<\/div><\/div><style>.porto-u-ad87e2eaf3f9c495180fe0156ddf3eb0.porto-u-heading{text-align:left}<\/style><\/div><div class=\"porto-u-heading  wpb_custom_0521dd4c8bc65394016c5f141f2c002f porto-u-ad87e2eaf3f9c495180fe0156ddf3eb0  vc_custom_1773942296819\"><div class=\"porto-u-main-heading\"><h2   style=\"margin-bottom: 3px;\">Horarios de Atenci\u00f3n<\/h2><\/div><div class=\"porto-u-sub-heading\" style=\"\">Nuestro equipo de atenci\u00f3n al cliente est\u00e1 disponible para ayudarle de lunes a viernes, de 8:30 a 18:00.<\/div><style>.porto-u-ad87e2eaf3f9c495180fe0156ddf3eb0.porto-u-heading{text-align:left}<\/style><\/div><div class=\"porto-u-heading  wpb_custom_0521dd4c8bc65394016c5f141f2c002f porto-u-ad87e2eaf3f9c495180fe0156ddf3eb0  vc_custom_1773942544574\"><div class=\"porto-u-main-heading\"><h2   style=\"margin-bottom: 3px;\">Asistencia online<\/h2><\/div><div class=\"porto-u-sub-heading\" style=\"\">Para consultas fuera de nuestro horario habitual, puede utilizar el formulario de contacto en el sitio web. Nuestro equipo de soporte en l\u00ednea atender\u00e1 tus dudas a la brevedad. Siempre estamos listos para brindarle ayuda.<\/div><style>.porto-u-ad87e2eaf3f9c495180fe0156ddf3eb0.porto-u-heading{text-align:left}<\/style><\/div><div class=\"porto-u-heading  wpb_custom_0521dd4c8bc65394016c5f141f2c002f porto-u-ad87e2eaf3f9c495180fe0156ddf3eb0  vc_custom_1773942948076\"><div class=\"porto-u-main-heading\"><h2   style=\"margin-bottom: 3px;\">Redes Sociales<\/h2><\/div><div class=\"porto-u-sub-heading\" style=\"\">S\u00edguenos en nuestras redes sociales para obtener las \u00faltimas ofertas, descuentos, y novedades de nuestra comunidad. Encu\u00e9ntranos en Instagram como <a href=\"https:\/\/www.instagram.com\/tododescuentobzz\/\">@tododescuentobzz<\/a><\/div><style>.porto-u-ad87e2eaf3f9c495180fe0156ddf3eb0.porto-u-heading{text-align:left}<\/style><\/div>[vc_custom_heading text=\u00bbNos comprometemos a que su experiencia con Todo Descuento sea excepcional.\u00bb font_container=\u00bbtag:p|font_size:1rem|text_align:left\u00bb use_theme_fonts=\u00bbyes\u00bb font_weight=\u00bb500&#8243; letter_spacing=\u00bb-0.025em\u00bb css=\u00bb.vc_custom_1773943187751{margin-bottom: 45px !important;}\u00bb css_params=\u00bb{\u00abcss_margin_bottom_lg\u00ab:\u00ab0px\u00ab,\u00abcss_margin_bottom_md\u00ab:\u00ab30px\u00ab}\u00bb custom_css_response=\u00bb@media(max-width:991px){.vc_custom_1773943187751{margin-bottom:0px!important;}}@media(max-width:767px){.vc_custom_1773943187751{margin-bottom:30px!important;}}\u00bb][\/vc_column][vc_column width=\u00bb1\/2&#8243; offset=\u00bbvc_col-lg-5&#8243; conditional_render=\u00bb%5B%7B%22value_role%22%3A%22administrator%22%7D%5D\u00bb]<div class=\"porto-ultimate-content-box-container \"><style>.porto_ucb_21b6bf01188be9ba0119a2cb5c097588{will-change: box-shadow;box-shadow: none;}.porto_ucb_21b6bf01188be9ba0119a2cb5c097588:hover{box-shadow:none}<\/style><div class=\"porto-ultimate-content-box vc_custom_1720924035204 porto_ucb_21b6bf01188be9ba0119a2cb5c097588\" style=\"\">[vc_custom_heading text=\u00bbEnv\u00edenos un Mensaje\u00bb font_container=\u00bbtag:h2|font_size:1.25rem|text_align:left\u00bb use_theme_fonts=\u00bbyes\u00bb font_weight=\u00bb600&#8243; letter_spacing=\u00bb0.1em\u00bb css=\u00bb.vc_custom_1773867804676{margin-top: 7px !important;margin-bottom: 17px !important;}\u00bb css_params=\u00bb\u00bb]<div class=\"wpb_custom_89348e608a24a977645a905a40795ec4 custom-contact mb-3\">\n<div class=\"wpcf7 no-js\" id=\"wpcf7-f479-o1\" lang=\"en-US\" dir=\"ltr\" data-wpcf7-id=\"479\">\n<div class=\"screen-reader-response\"><p role=\"status\" aria-live=\"polite\" aria-atomic=\"true\"><\/p> <ul><\/ul><\/div>\n<form action=\"\/web\/wp-json\/wp\/v2\/pages\/473#wpcf7-f479-o1\" method=\"post\" class=\"wpcf7-form init\" aria-label=\"Contact form\" novalidate=\"novalidate\" data-status=\"init\">\n<fieldset class=\"hidden-fields-container\"><input type=\"hidden\" name=\"_wpcf7\" value=\"479\" \/><input type=\"hidden\" name=\"_wpcf7_version\" value=\"6.1.5\" \/><input type=\"hidden\" name=\"_wpcf7_locale\" value=\"en_US\" \/><input type=\"hidden\" name=\"_wpcf7_unit_tag\" value=\"wpcf7-f479-o1\" \/><input type=\"hidden\" name=\"_wpcf7_container_post\" value=\"0\" \/><input type=\"hidden\" name=\"_wpcf7_posted_data_hash\" value=\"\" \/>\n<\/fieldset>\n<p class=\"m-b-md\"><span class=\"wpcf7-form-control-wrap\" data-name=\"your-name\"><input size=\"40\" maxlength=\"400\" class=\"wpcf7-form-control wpcf7-text wpcf7-validates-as-required form-control\" id=\"name\" aria-required=\"true\" aria-invalid=\"false\" placeholder=\"Nombre *\" value=\"\" type=\"text\" name=\"your-name\" \/><\/span><\/p>\n<p class=\"m-b-md\"><span class=\"wpcf7-form-control-wrap\" data-name=\"email-976\"><input size=\"40\" maxlength=\"400\" class=\"wpcf7-form-control wpcf7-email wpcf7-validates-as-required wpcf7-text wpcf7-validates-as-email form-control\" id=\"email\" aria-required=\"true\" aria-invalid=\"false\" placeholder=\"Correo *\" value=\"\" type=\"email\" name=\"email-976\" \/><\/span><\/p>\n<p class=\"m-b-md\"><span class=\"wpcf7-form-control-wrap\" data-name=\"tel-662\"><input size=\"40\" maxlength=\"400\" class=\"wpcf7-form-control wpcf7-tel wpcf7-validates-as-required wpcf7-text wpcf7-validates-as-tel form-control\" id=\"tel\" aria-required=\"true\" aria-invalid=\"false\" placeholder=\"Tel\u00e9fono *\" value=\"\" type=\"tel\" name=\"tel-662\" \/><\/span><\/p>\n<p class=\"mb-4\"><span class=\"wpcf7-form-control-wrap\" data-name=\"message\"><textarea cols=\"40\" rows=\"10\" maxlength=\"2000\" class=\"wpcf7-form-control wpcf7-textarea wpcf7-validates-as-required form-control custom-textarea-style\" aria-required=\"true\" aria-invalid=\"false\" placeholder=\"Mensaje *\" name=\"message\"><\/textarea><\/span><\/p>\n<button class=\"btn btn-dark btn-icon mt-2\">Enviar<i class=\"fas fa-angle-right\"><\/i><\/button><div class=\"wpcf7-response-output\" aria-hidden=\"true\"><\/div>\n<\/form>\n<\/div>\n<\/div><\/div><\/div>[\/vc_column][vc_column width=\u00bb1\/12&#8243; conditional_render=\u00bb%5B%7B%22value_role%22%3A%22administrator%22%7D%5D\u00bb el_class=\u00bbd-none d-lg-flex\u00bb offset=\u00bbvc_hidden-md vc_hidden-sm vc_hidden-xs\u00bb][\/vc_column][\/vc_row][vc_row disable_element=\u00bbyes\u00bb conditional_render=\u00bb%5B%7B%22value_role%22%3A%22administrator%22%7D%5D\u00bb css_params=\u00bb\u00bb][vc_column][vc_separator color=\u00bbcustom\u00bb css=\u00bb\u00bb accent_color=\u00bbvar(&#8211;porto-tertiary-color)\u00bb][\/vc_column][\/vc_row][vc_row content_placement=\u00bbmiddle\u00bb disable_element=\u00bbyes\u00bb css=\u00bb.vc_custom_1773943052718{margin-top: 3.9rem !important;margin-bottom: 5.9rem !important;}\u00bb conditional_render=\u00bb%5B%7B%22value_role%22%3A%22administrator%22%7D%5D\u00bb css_params=\u00bb{\u00abcss_margin_top_lg\u00ab:\u00ab2.4rem\u00ab,\u00abcss_margin_bottom_lg\u00ab:\u00ab2rem\u00ab,\u00abcss_margin_top_md\u00ab:\u00ab0.7rem\u00ab,\u00abcss_margin_bottom_md\u00ab:\u00ab0.8rem\u00ab}\u00bb custom_css_response=\u00bb@media(max-width:991px){.vc_custom_1773943052718{margin-top:2.4rem!important;margin-bottom:2rem!important;}}@media(max-width:767px){.vc_custom_1773943052718{margin-top:0.7rem!important;margin-bottom:0.8rem!important;}}\u00bb][vc_column width=\u00bb1\/12&#8243; conditional_render=\u00bb%5B%7B%22value_role%22%3A%22administrator%22%7D%5D\u00bb offset=\u00bbvc_hidden-md vc_hidden-sm vc_hidden-xs\u00bb][\/vc_column][vc_column width=\u00bb1\/2&#8243; conditional_render=\u00bb%5B%7B%22value_role%22%3A%22administrator%22%7D%5D\u00bb css=\u00bb.vc_custom_1724996718545{padding-right: 4vw !important;}\u00bb offset=\u00bbvc_col-lg-5&#8243; css_params=\u00bb{\u00abcss_padding_right_lg\u00ab:\u00ab10px\u00ab}\u00bb custom_css_response=\u00bb@media(max-width:991px){.vc_custom_1724996718545{padding-right:10px!important;}}\u00bb][vc_custom_heading text=\u00bbPreguntas Frecuentes\u00bb font_container=\u00bbtag:h3|font_size:1.25rem|text_align:left\u00bb use_theme_fonts=\u00bbyes\u00bb font_weight=\u00bb600&#8243; letter_spacing=\u00bb0.1em\u00bb css=\u00bb.vc_custom_1773868038633{margin-bottom: 10px !important;}\u00bb el_class=\u00bbpe-xl-5 me-xl-5 pb-lg-3&#8243; css_params=\u00bb\u00bb][vc_custom_heading text=\u00bbTu principal recurso para encontrar respuestas a las preguntas m\u00e1s comunes sobre nuestra tienda. Hemos recopilado una lista de preguntas frecuentes para que tu experiencia de compra sea lo m\u00e1s sencilla posible. Si no encuentras la informaci\u00f3n que buscas, no dudes en contactar con nuestro equipo de atenci\u00f3n al cliente para recibir asistencia personalizada.\u00bb font_container=\u00bbtag:p|font_size:1.125rem|text_align:left|line_height:1.89em\u00bb use_theme_fonts=\u00bbyes\u00bb font_weight=\u00bb500&#8243; letter_spacing=\u00bb-0.025em\u00bb css=\u00bb.vc_custom_1773868109229{margin-bottom: 2rem !important;}\u00bb el_class=\u00bbpe-xl-5 me-xl-5&#8243; css_params=\u00bb{\u00abcss_margin_bottom_md\u00ab:\u00ab1.4rem\u00ab}\u00bb custom_css_response=\u00bb@media(max-width:767px){.vc_custom_1773868109229{margin-bottom:1.4rem!important;}}\u00bb][\/vc_column][vc_column width=\u00bb1\/2&#8243; offset=\u00bbvc_col-lg-5&#8243; conditional_render=\u00bb%5B%7B%22value_role%22%3A%22administrator%22%7D%5D\u00bb el_class=\u00bbmb-lg-0 mb-2&#8243;]<div class=\"porto-faqs porto-faqsaqee wpb_content_element  mb-0\">\r\n\t<div class=\"page-faqs clearfix wpb_custom_247f9949c684c9e272701e587a1b6c73\" id=\"porto_faqs_dwg3\">\r\n\r\n\t\t\r\n\t\t\r\n\t\t<div class=\"faq-row faqs-container\">\r\n\t\t\t\r\n<div class=\"faq post-506 type-faq status-publish hentry\">\r\n\t<section class=\"toggle\">\r\n\t\t<label>How can I place an order online?<\/label>\r\n\t\t<div class=\"toggle-content\">\r\n\t\t<h3 class=\"entry-title\" style=\"display: none;\">How can I place an order online?<\/h3><span class=\"vcard\" style=\"display: none;\"><span class=\"fn\"><a href=\"https:\/\/www.tododescuento.cl\/web\/author\/admin_tododcto\/\" title=\"Entradas de admin_tododcto\" rel=\"author\">admin_tododcto<\/a><\/span><\/span><span class=\"updated\" style=\"display:none\">2024-07-13T01:52:04-03:00<\/span>\n<p>Lorem ipsum dolor sit amet, consectetur adipiscing elit. Curabitur eget leo at velit imperdiet varius. In eu ipsum vitae velit congue iaculis vitae at risus. Nullam tortor nunc, bibendum vitae semper a, volutpat eget massa.<\/p>\n\t\t<\/div>\r\n\t<\/section>\r\n<\/div>\r\n\r\n<div class=\"faq post-505 type-faq status-publish hentry\">\r\n\t<section class=\"toggle\">\r\n\t\t<label>What payment methods do you accept?<\/label>\r\n\t\t<div class=\"toggle-content\">\r\n\t\t<h3 class=\"entry-title\" style=\"display: none;\">What payment methods do you accept?<\/h3><span class=\"vcard\" style=\"display: none;\"><span class=\"fn\"><a href=\"https:\/\/www.tododescuento.cl\/web\/author\/admin_tododcto\/\" title=\"Entradas de admin_tododcto\" rel=\"author\">admin_tododcto<\/a><\/span><\/span><span class=\"updated\" style=\"display:none\">2024-07-13T01:51:31-03:00<\/span>\n<p>Lorem ipsum dolor sit amet, consectetur adipiscing elit. Curabitur eget leo at velit imperdiet varius. In eu ipsum vitae velit congue iaculis vitae at risus. Nullam tortor nunc, bibendum vitae semper a, volutpat eget massa. Lorem ipsum dolor sit amet, consectetur adipiscing elit. Integer fringilla, orci sit amet posuere auctor, orci eros pellentesque odio, nec pellentesque erat ligula nec massa. Aenean consequat lorem ut felis ullamcorper posuere gravida tellus faucibus. Maecenas dolor elit, pulvinar eu vehicula eu, consequat et lacus. Duis et purus ipsum. In auctor mattis ipsum id molestie. Donec risus nulla, fringilla a rhoncus vitae, semper a massa. Vivamus ullamcorper, enim sit amet consequat laoreet, tortor tortor dictum urna, ut egestas urna ipsum nec libero. Nulla justo leo, molestie vel tempor nec, egestas at massa. Aenean pulvinar, felis porttitor iaculis pulvinar, odio orci sodales odio, ac pulvinar felis quam sit.<\/p>\n\t\t<\/div>\r\n\t<\/section>\r\n<\/div>\r\n\r\n<div class=\"faq post-504 type-faq status-publish hentry\">\r\n\t<section class=\"toggle\">\r\n\t\t<label>Can I track my order?<\/label>\r\n\t\t<div class=\"toggle-content\">\r\n\t\t<h3 class=\"entry-title\" style=\"display: none;\">Can I track my order?<\/h3><span class=\"vcard\" style=\"display: none;\"><span class=\"fn\"><a href=\"https:\/\/www.tododescuento.cl\/web\/author\/admin_tododcto\/\" title=\"Entradas de admin_tododcto\" rel=\"author\">admin_tododcto<\/a><\/span><\/span><span class=\"updated\" style=\"display:none\">2024-07-13T01:50:57-03:00<\/span>\n<p>Lorem ipsum dolor sit amet, consectetur adipiscing elit. Curabitur eget leo at velit imperdiet varius. In eu ipsum vitae velit congue iaculis vitae at risus. Nullam tortor nunc, bibendum vitae semper a, volutpat eget massa.<\/p>\n\t\t<\/div>\r\n\t<\/section>\r\n<\/div>\r\n\r\n<div class=\"faq post-503 type-faq status-publish hentry\">\r\n\t<section class=\"toggle\">\r\n\t\t<label>What is your return policy?<\/label>\r\n\t\t<div class=\"toggle-content\">\r\n\t\t<h3 class=\"entry-title\" style=\"display: none;\">What is your return policy?<\/h3><span class=\"vcard\" style=\"display: none;\"><span class=\"fn\"><a href=\"https:\/\/www.tododescuento.cl\/web\/author\/admin_tododcto\/\" title=\"Entradas de admin_tododcto\" rel=\"author\">admin_tododcto<\/a><\/span><\/span><span class=\"updated\" style=\"display:none\">2024-07-13T01:50:13-03:00<\/span>\n<p>Integer fringilla, orci sit amet posuere auctor, orci eros pellentesque odio, nec pellentesque erat ligula nec massa. Aenean consequat lorem ut felis ullamcorper posuere gravida tellus faucibus. Maecenas dolor elit, pulvinar eu vehicula eu, consequat et lacus. Duis et purus ipsum. In auctor mattis ipsum id molestie. Donec risus nulla, fringilla a rhoncus vitae, semper a massa. Vivamus ullamcorper, enim sit amet consequat laoreet, tortor tortor dictum urna, ut egestas urna ipsum nec libero. Nulla justo leo, molestie vel tempor nec, egestas at massa. Aenean pulvinar, felis porttitor iaculis pulvinar, odio orci sodales odio, ac pulvinar felis quam sit.<\/p>\n\t\t<\/div>\r\n\t<\/section>\r\n<\/div>\r\n\r\n<div class=\"faq post-502 type-faq status-publish hentry\">\r\n\t<section class=\"toggle\">\r\n\t\t<label>Do you offer assembly services?<\/label>\r\n\t\t<div class=\"toggle-content\">\r\n\t\t<h3 class=\"entry-title\" style=\"display: none;\">Do you offer assembly services?<\/h3><span class=\"vcard\" style=\"display: none;\"><span class=\"fn\"><a href=\"https:\/\/www.tododescuento.cl\/web\/author\/admin_tododcto\/\" title=\"Entradas de admin_tododcto\" rel=\"author\">admin_tododcto<\/a><\/span><\/span><span class=\"updated\" style=\"display:none\">2024-07-13T01:44:03-03:00<\/span>\n<p>Lorem ipsum dolor sit amet, consectetur adipiscing elit. Curabitur eget leo at velit imperdiet varius. In eu ipsum vitae velit congue iaculis vitae at risus. Nullam tortor nunc, bibendum vitae semper a, volutpat eget massa. Lorem ipsum dolor sit amet, consectetur adipiscing elit. Integer fringilla, orci sit amet posuere auctor, orci eros pellentesque odio, nec pellentesque erat ligula nec massa. Aenean consequat lorem ut felis ullamcorper posuere gravida tellus faucibus. Maecenas dolor elit, pulvinar eu vehicula eu, consequat et lacus. Duis et purus ipsum. In auctor mattis ipsum id molestie. Donec risus nulla, fringilla a rhoncus vitae, semper a massa. Vivamus ullamcorper, enim sit amet consequat laoreet, tortor tortor dictum urna, ut egestas urna ipsum nec libero. Nulla justo leo, molestie vel tempor nec, egestas at massa. Aenean pulvinar, felis porttitor iaculis pulvinar, odio orci sodales odio, ac pulvinar felis quam sit.<\/p>\n\t\t<\/div>\r\n\t<\/section>\r\n<\/div>\r\n\t\t<\/div>\r\n\r\n\t\t\r\n\t<\/div>\r\n\r\n\t\r\n\t<\/div>[\/vc_column][vc_column width=\u00bb1\/12&#8243; conditional_render=\u00bb%5B%7B%22value_role%22%3A%22administrator%22%7D%5D\u00bb offset=\u00bbvc_hidden-md vc_hidden-sm vc_hidden-xs\u00bb][\/vc_column][\/vc_row]<\/p>\n<\/div>","protected":false},"excerpt":{"rendered":"<p>[vc_row content_placement=\u00bbmiddle\u00bb css=\u00bb.vc_custom_1725336536348{margin-top: 4.45vw !important;margin-bottom: 4.4rem !important;}\u00bb conditional_render=\u00bb%5B%7B%22value_role%22%3A%22administrator%22%7D%5D\u00bb css_params=\u00bb{\u00abcss_margin_top_lg\u00ab:\u00ab1.0625rem\u00ab,\u00abcss_margin_bottom_lg\u00ab:\u00ab3.4rem\u00ab,\u00abcss_margin_bottom_md\u00ab:\u00ab1rem\u00ab,\u00abcss_margin_top_md\u00ab:\u00ab0.15rem\u00ab}\u00bb custom_css_response=\u00bb@media(max-width:991px){.vc_custom_1725336536348{margin-top:1.0625rem!important;margin-bottom:3.4rem!important;}}@media(max-width:767px){.vc_custom_1725336536348{margin-top:0.15rem!important;margin-bottom:1rem!important;}}\u00bb][vc_column width=\u00bb1\/12&#8243; conditional_render=\u00bb%5B%7B%22value_role%22%3A%22administrator%22%7D%5D\u00bb offset=\u00bbvc_hidden-md vc_hidden-sm vc_hidden-xs\u00bb][\/vc_column][vc_column width=\u00bb1\/2&#8243; conditional_render=\u00bb%5B%7B%22value_role%22%3A%22administrator%22%7D%5D\u00bb css=\u00bb.vc_custom_1724996385670{padding-right: 4vw !important;}\u00bb offset=\u00bbvc_col-lg-5&#8243; css_params=\u00bb{\u00abcss_padding_right_lg\u00ab:\u00ab10px\u00ab}\u00bb custom_css_response=\u00bb@media(max-width:991px){.vc_custom_1724996385670{padding-right:10px!important;}}\u00bb][vc_custom_heading text=\u00bbNos comprometemos a que su experiencia con Todo Descuento sea excepcional.\u00bb font_container=\u00bbtag:p|font_size:1rem|text_align:left\u00bb use_theme_fonts=\u00bbyes\u00bb font_weight=\u00bb500&#8243; letter_spacing=\u00bb-0.025em\u00bb css=\u00bb.vc_custom_1773943187751{margin-bottom: 45px !important;}\u00bb css_params=\u00bb{\u00abcss_margin_bottom_lg\u00ab:\u00ab0px\u00ab,\u00abcss_margin_bottom_md\u00ab:\u00ab30px\u00ab}\u00bb custom_css_response=\u00bb@media(max-width:991px){.vc_custom_1773943187751{margin-bottom:0px!important;}}@media(max-width:767px){.vc_custom_1773943187751{margin-bottom:30px!important;}}\u00bb][\/vc_column][vc_column width=\u00bb1\/2&#8243; offset=\u00bbvc_col-lg-5&#8243; conditional_render=\u00bb%5B%7B%22value_role%22%3A%22administrator%22%7D%5D\u00bb][\/vc_column][vc_column width=\u00bb1\/12&#8243; conditional_render=\u00bb%5B%7B%22value_role%22%3A%22administrator%22%7D%5D\u00bb el_class=\u00bbd-none d-lg-flex\u00bb offset=\u00bbvc_hidden-md vc_hidden-sm vc_hidden-xs\u00bb][\/vc_column][\/vc_row][vc_row disable_element=\u00bbyes\u00bb conditional_render=\u00bb%5B%7B%22value_role%22%3A%22administrator%22%7D%5D\u00bb [&hellip;]<\/p>\n","protected":false},"author":1,"featured_media":0,"parent":0,"menu_order":0,"comment_status":"closed","ping_status":"closed","template":"","meta":{"_joinchat":[],"footnotes":""},"class_list":["post-473","page","type-page","status-publish","hentry"],"jetpack_sharing_enabled":true,"_links":{"self":[{"href":"https:\/\/www.tododescuento.cl\/web\/wp-json\/wp\/v2\/pages\/473","targetHints":{"allow":["GET"]}}],"collection":[{"href":"https:\/\/www.tododescuento.cl\/web\/wp-json\/wp\/v2\/pages"}],"about":[{"href":"https:\/\/www.tododescuento.cl\/web\/wp-json\/wp\/v2\/types\/page"}],"author":[{"embeddable":true,"href":"https:\/\/www.tododescuento.cl\/web\/wp-json\/wp\/v2\/users\/1"}],"replies":[{"embeddable":true,"href":"https:\/\/www.tododescuento.cl\/web\/wp-json\/wp\/v2\/comments?post=473"}],"version-history":[{"count":8,"href":"https:\/\/www.tododescuento.cl\/web\/wp-json\/wp\/v2\/pages\/473\/revisions"}],"predecessor-version":[{"id":1653,"href":"https:\/\/www.tododescuento.cl\/web\/wp-json\/wp\/v2\/pages\/473\/revisions\/1653"}],"wp:attachment":[{"href":"https:\/\/www.tododescuento.cl\/web\/wp-json\/wp\/v2\/media?parent=473"}],"curies":[{"name":"wp","href":"https:\/\/api.w.org\/{rel}","templated":true}]}}