{"id":1633,"date":"2026-03-18T17:33:37","date_gmt":"2026-03-18T20:33:37","guid":{"rendered":"https:\/\/www.tododescuento.cl\/web\/?page_id=1633"},"modified":"2026-03-18T17:35:22","modified_gmt":"2026-03-18T20:35:22","slug":"politicas-de-devolucion","status":"publish","type":"page","link":"https:\/\/www.tododescuento.cl\/web\/politicas-de-devolucion\/","title":{"rendered":"Pol\u00edticas de devoluci\u00f3n"},"content":{"rendered":"<div class=\"wpb-content-wrapper\"><p>[vc_row][vc_column][vc_column_text css=\u00bb\u00bb css_params=\u00bb\u00bb]<a title=\"\" href=\"https:\/\/www.tododescuento.cl\/\">Tododescuento.cl<\/a>&nbsp;se acoge al derecho a retracto de cualquier cliente solo si este cumple con las siguientes consideraciones:<\/p>\n<ul>\n<li>Producto debe devolverse intacto, en su empaque original y sellado.<\/li>\n<li>No debe presentar da\u00f1o alguno tanto en su empaque como el producto mismo.<\/li>\n<li>No debe presentar se\u00f1ales de uso.<\/li>\n<li>En caso de que el cliente reciba un producto con alg\u00fan detalle o desperfecto, debe comunicarlo en un plazo m\u00e1ximo de 48 horas a trav\u00e9s de cualquiera de nuestros canales.<\/li>\n<li>Se considerar\u00e1 48 horas desde que el cliente recibe el producto conforme.<\/li>\n<\/ul>\n<p>No contamos con servicio de armado de muebles.[\/vc_column_text][\/vc_column][\/vc_row]<\/p>\n<\/div>","protected":false},"excerpt":{"rendered":"<p>[vc_row][vc_column][vc_column_text css=\u00bb\u00bb css_params=\u00bb\u00bb]Tododescuento.cl&nbsp;se acoge al derecho a retracto de cualquier cliente solo si este cumple con las siguientes consideraciones: Producto debe devolverse intacto, en su empaque original y sellado. No debe presentar da\u00f1o alguno tanto en su empaque como el producto mismo. No debe presentar se\u00f1ales de uso. En caso de que el cliente reciba [&hellip;]<\/p>\n","protected":false},"author":1,"featured_media":0,"parent":0,"menu_order":0,"comment_status":"closed","ping_status":"closed","template":"","meta":{"_joinchat":[],"footnotes":""},"class_list":["post-1633","page","type-page","status-publish","hentry"],"jetpack_sharing_enabled":true,"_links":{"self":[{"href":"https:\/\/www.tododescuento.cl\/web\/wp-json\/wp\/v2\/pages\/1633","targetHints":{"allow":["GET"]}}],"collection":[{"href":"https:\/\/www.tododescuento.cl\/web\/wp-json\/wp\/v2\/pages"}],"about":[{"href":"https:\/\/www.tododescuento.cl\/web\/wp-json\/wp\/v2\/types\/page"}],"author":[{"embeddable":true,"href":"https:\/\/www.tododescuento.cl\/web\/wp-json\/wp\/v2\/users\/1"}],"replies":[{"embeddable":true,"href":"https:\/\/www.tododescuento.cl\/web\/wp-json\/wp\/v2\/comments?post=1633"}],"version-history":[{"count":2,"href":"https:\/\/www.tododescuento.cl\/web\/wp-json\/wp\/v2\/pages\/1633\/revisions"}],"predecessor-version":[{"id":1635,"href":"https:\/\/www.tododescuento.cl\/web\/wp-json\/wp\/v2\/pages\/1633\/revisions\/1635"}],"wp:attachment":[{"href":"https:\/\/www.tododescuento.cl\/web\/wp-json\/wp\/v2\/media?parent=1633"}],"curies":[{"name":"wp","href":"https:\/\/api.w.org\/{rel}","templated":true}]}}