{"id":1188,"date":"2024-07-08T10:25:04","date_gmt":"2024-07-08T10:25:04","guid":{"rendered":"http:\/\/sw-themes.com\/porto_dummy\/?page_id=15"},"modified":"2026-03-20T12:22:19","modified_gmt":"2026-03-20T15:22:19","slug":"nuestra-empresa","status":"publish","type":"page","link":"https:\/\/www.tododescuento.cl\/web\/nuestra-empresa\/","title":{"rendered":"Nuestra Empresa"},"content":{"rendered":"<div class=\"wpb-content-wrapper\"><p>[vc_row equal_height=\u00bbyes\u00bb conditional_render=\u00bb%5B%7B%22value_role%22%3A%22administrator%22%7D%5D\u00bb css=\u00bb.vc_custom_1725336304041{margin-top: 5.3vw !important;margin-bottom: 6.25rem !important;}\u00bb css_params=\u00bb{\u00abcss_margin_top_lg\u00ab:\u00ab1.6875rem\u00ab,\u00abcss_margin_bottom_lg\u00ab:\u00ab2.2rem\u00ab,\u00abcss_margin_top_md\u00ab:\u00ab1.18rem\u00ab,\u00abcss_margin_bottom_md\u00ab:\u00ab1.15rem\u00ab}\u00bb custom_css_response=\u00bb@media(max-width:991px){.vc_custom_1725336304041{margin-top:1.6875rem!important;margin-bottom:2.2rem!important;}}@media(max-width:767px){.vc_custom_1725336304041{margin-top:1.18rem!important;margin-bottom:1.15rem!important;}}\u00bb][vc_column offset=\u00bbvc_col-md-6&#8243; conditional_render=\u00bb%5B%7B%22value_role%22%3A%22administrator%22%7D%5D\u00bb][vc_row_inner equal_height=\u00bbyes\u00bb el_class=\u00bbh-100&#8243;][vc_column_inner el_class=\u00bbd-lg-none d-xl-flex\u00bb width=\u00bb1\/2&#8243; css=\u00bb.vc_custom_1724988971360{porto_vc_design_option}\u00bb css_params=\u00bb{\u00abcss_margin_bottom_md\u00ab:\u00ab20px\u00ab}\u00bb custom_css_response=\u00bb@media(max-width:767px){.vc_custom_1724988971360{margin-bottom:20px!important;}}\u00bb][vc_single_image image=\u00bb396&#8243; img_size=\u00bbfull\u00bb css=\u00bb.vc_custom_1724984728237{margin-bottom: 0px !important;}\u00bb img_object=\u00bbcover\u00bb img_width=\u00bb{\u00abunit\u00ab:\u00ab%\u00ab,\u00abxs\u00ab:\u00ab\u00ab,\u00absm\u00ab:\u00ab\u00ab,\u00abmd\u00ab:\u00ab\u00ab,\u00ablg\u00ab:\u00ab\u00ab,\u00abxl\u00ab:\u00ab100\u00ab}\u00bb img_height=\u00bb{\u00abunit\u00ab:\u00ab%\u00ab,\u00abxs\u00ab:\u00ab\u00ab,\u00absm\u00ab:\u00ab\u00ab,\u00abmd\u00ab:\u00ab\u00ab,\u00ablg\u00ab:\u00ab\u00ab,\u00abxl\u00ab:\u00ab100\u00ab}\u00bb el_class=\u00bbh-100 img-full\u00bb][\/vc_column_inner][vc_column_inner width=\u00bb1\/2&#8243; offset=\u00bbvc_col-lg-6 vc_col-md-12&#8243;][vc_single_image image=\u00bb397&#8243; img_size=\u00bbfull\u00bb css=\u00bb.vc_custom_1724984720494{margin-bottom: 0px !important;}\u00bb img_object=\u00bbcover\u00bb img_width=\u00bb{\u00abunit\u00ab:\u00ab%\u00ab,\u00abxs\u00ab:\u00ab\u00ab,\u00absm\u00ab:\u00ab\u00ab,\u00abmd\u00ab:\u00ab\u00ab,\u00ablg\u00ab:\u00ab\u00ab,\u00abxl\u00ab:\u00ab100\u00ab}\u00bb img_height=\u00bb{\u00abunit\u00ab:\u00ab%\u00ab,\u00abxs\u00ab:\u00ab\u00ab,\u00absm\u00ab:\u00ab\u00ab,\u00abmd\u00ab:\u00ab\u00ab,\u00ablg\u00ab:\u00ab\u00ab,\u00abxl\u00ab:\u00ab100\u00ab}\u00bb el_class=\u00bbh-100 img-full\u00bb][\/vc_column_inner][\/vc_row_inner][\/vc_column][vc_column offset=\u00bbvc_col-md-6&#8243; conditional_render=\u00bb%5B%7B%22value_role%22%3A%22administrator%22%7D%5D\u00bb css_params=\u00bb{\u00abcss_margin_top_lg\u00ab:\u00ab1.2rem\u00ab}\u00bb custom_css_response=\u00bb@media(max-width:991px){.vc_custom_1724989246918{margin-top:1.2rem!important;}}\u00bb]<div class=\"porto-u-heading  wpb_custom_01ac1407e07b8223a0db04c69bca058f porto-u-ad87e2eaf3f9c495180fe0156ddf3eb0  vc_custom_1774017660416\"><div class=\"porto-u-main-heading\"><div  >Somos una importadora y comercializadora de productos al detalle y al por mayor.<\/div><\/div><style>.porto-u-ad87e2eaf3f9c495180fe0156ddf3eb0.porto-u-heading{text-align:left}<\/style><\/div><div class=\"porto-u-heading  wpb_custom_a75f36d1682ef3ecf3e4a9a30fee1ea5 porto-u-ad87e2eaf3f9c495180fe0156ddf3eb0  vc_custom_1774019323605\"><div class=\"porto-u-sub-heading\" style=\"\">Somos una compa\u00f1\u00eda l\u00edder en la&nbsp;<strong class=\"Yjhzub\" data-sfc-root=\"c\" data-sfc-cb=\"\" data-complete=\"true\">importaci\u00f3n y distribuci\u00f3n<\/strong>&nbsp;de productos, operando con \u00e9xito tanto en el mercado&nbsp;<strong class=\"Yjhzub\" data-sfc-root=\"c\" data-sfc-cb=\"\" data-complete=\"true\">mayorista como minorista<\/strong>. Nos distingue un cat\u00e1logo de alta calidad y una pol\u00edtica de&nbsp;<strong class=\"Yjhzub\" data-sfc-root=\"c\" data-sfc-cb=\"\" data-complete=\"true\">precios competitivos<\/strong>. Nuestro compromiso es brindar una&nbsp;<strong class=\"Yjhzub\" data-sfc-root=\"c\" data-sfc-cb=\"\" data-complete=\"true\">experiencia de compra integral<\/strong>, respaldada por un servicio personalizado en nuestros canales digitales y en nuestra tienda f\u00edsica.<\/div><style>.porto-u-ad87e2eaf3f9c495180fe0156ddf3eb0.porto-u-heading{text-align:left}<\/style><\/div>[\/vc_column][\/vc_row][vc_row conditional_render=\u00bb%5B%7B%22value_role%22%3A%22administrator%22%7D%5D\u00bb][vc_column][vc_row_inner no_padding=\u00bbyes\u00bb equal_height=\u00bbyes\u00bb content_placement=\u00bbmiddle\u00bb css=\u00bb.vc_custom_1725336359683{padding-top: 6.625rem !important;padding-right: 8.45% !important;padding-bottom: 6.4375rem !important;padding-left: 8.45% !important;background-color: var(&#8211;porto-tertiary-color) !important;}\u00bb css_params=\u00bb{\u00abcss_padding_right_lg\u00ab:\u00ab4%\u00ab,\u00abcss_padding_left_lg\u00ab:\u00ab4%\u00ab,\u00abcss_border_right_width_xl\u00ab:\u00ab4%\u00ab,\u00abcss_padding_left_xl\u00ab:\u00ab4%\u00ab,\u00abcss_padding_right_xl\u00ab:\u00ab4%\u00ab,\u00abcss_padding_right_md\u00ab:\u00ab1.25rem\u00ab,\u00abcss_padding_left_md\u00ab:\u00ab1.25rem\u00ab,\u00abcss_padding_top_lg\u00ab:\u00ab3.8rem\u00ab,\u00abcss_padding_bottom_lg\u00ab:\u00ab3.8rem\u00ab,\u00abcss_padding_top_md\u00ab:\u00ab2.8rem\u00ab,\u00abcss_padding_bottom_md\u00ab:\u00ab1.3rem\u00ab}\u00bb custom_css_response=\u00bb@media(max-width:porto-xlpx){.vc_custom_1725336359683{border-right-width:4%!important;padding-right:4%!important;padding-left:4%!important;}}@media(max-width:991px){.vc_custom_1725336359683{padding-top:3.8rem!important;padding-right:4%!important;padding-bottom:3.8rem!important;padding-left:4%!important;}}@media(max-width:767px){.vc_custom_1725336359683{padding-top:2.8rem!important;padding-right:1.25rem!important;padding-bottom:1.3rem!important;padding-left:1.25rem!important;}}\u00bb][vc_column_inner width=\u00bb1\/2&#8243; offset=\u00bbvc_col-lg-5&#8243;][vc_single_image image=\u00bb417&#8243; img_size=\u00bbfull\u00bb css=\u00bb.vc_custom_1724991819475{margin-bottom: 0px !important;}\u00bb el_class=\u00bbh-100 img-full\u00bb img_width=\u00bb{\u00ablg\u00ab:\u00ab100\u00ab,\u00abunit\u00ab:\u00ab%\u00ab,\u00abxs\u00ab:\u00ab\u00ab,\u00absm\u00ab:\u00ab\u00ab,\u00abmd\u00ab:\u00ab\u00ab,\u00abxl\u00ab:94}\u00bb img_height=\u00bb{\u00abunit\u00ab:\u00ab%\u00ab,\u00abxs\u00ab:\u00ab\u00ab,\u00absm\u00ab:\u00ab\u00ab,\u00abmd\u00ab:\u00ab\u00ab,\u00ablg\u00ab:\u00ab\u00ab,\u00abxl\u00ab:\u00ab100\u00ab}\u00bb][\/vc_column_inner][vc_column_inner width=\u00bb1\/2&#8243; offset=\u00bbvc_col-lg-offset-1 vc_col-lg-6 vc_col-md-offset-0&#8243; css=\u00bb.vc_custom_1724992309273{padding-top: 4vw !important;padding-bottom: 4vw !important;padding-left: 0.625rem !important;}\u00bb css_params=\u00bb{\u00abcss_padding_left_xl\u00ab:\u00ab5%\u00ab,\u00abcss_padding_left_md\u00ab:\u00ab0px\u00ab,\u00abcss_padding_top_md\u00ab:\u00ab1.8rem\u00ab,\u00abcss_padding_bottom_md\u00ab:\u00ab0px\u00ab}\u00bb custom_css_response=\u00bb@media(max-width:porto-xlpx){.vc_custom_1724992309273{padding-left:5%!important;}}@media(max-width:767px){.vc_custom_1724992309273{padding-top:1.8rem!important;padding-bottom:0px!important;padding-left:0px!important;}}\u00bb][vc_custom_heading text=\u00bbMisi\u00f3n \/ Visi\u00f3n\u00bb font_container=\u00bbtag:h2|font_size:1.25rem|text_align:left\u00bb use_theme_fonts=\u00bbyes\u00bb font_weight=\u00bb600&#8243; letter_spacing=\u00bb0.1em\u00bb css=\u00bb.vc_custom_1774017955903{padding-bottom: 1rem !important;}\u00bb css_params=\u00bb{\u00abcss_padding_bottom_md\u00ab:\u00ab0px\u00ab}\u00bb custom_css_response=\u00bb@media(max-width:767px){.vc_custom_1774017955903{padding-bottom:0px!important;}}\u00bb][vc_custom_heading text=\u00bbMisi\u00f3n: Ofrecer a nuestros clientes una amplia variedad de productos de calidad, a precios competitivos y con un servicio personalizado, tanto en nuestra plataforma online, como en nuestro Seller en los principales portales de comercio electr\u00f3nico y nuestra tienda f\u00edsica. As\u00ed como plantearnos como meta satisfacer las necesidades y expectativas de nuestros clientes, generando valor para nuestros accionistas, empleados y proveedores.\u00bb font_container=\u00bbtag:p|font_size:1.125rem|text_align:left|line_height:1.89em\u00bb use_theme_fonts=\u00bbyes\u00bb font_weight=\u00bb500&#8243; letter_spacing=\u00bb-0.025em\u00bb css=\u00bb.vc_custom_1774017970359{margin-bottom: 0.75rem !important;}\u00bb css_params=\u00bb\u00bb][\/vc_column_inner][\/vc_row_inner][\/vc_column][\/vc_row][vc_row conditional_render=\u00bb%5B%7B%22value_role%22%3A%22administrator%22%7D%5D\u00bb css=\u00bb.vc_custom_1725336407852{margin-top: 6.35rem !important;margin-bottom: 6.35rem !important;}\u00bb css_params=\u00bb{\u00abcss_margin_top_lg\u00ab:\u00ab3.8rem\u00ab,\u00abcss_margin_bottom_lg\u00ab:\u00ab1.9rem\u00ab,\u00abcss_margin_top_md\u00ab:\u00ab2.8rem\u00ab,\u00abcss_margin_bottom_md\u00ab:\u00ab0.8rem\u00ab}\u00bb custom_css_response=\u00bb@media(max-width:991px){.vc_custom_1725336407852{margin-top:3.8rem!important;margin-bottom:1.9rem!important;}}@media(max-width:767px){.vc_custom_1725336407852{margin-top:2.8rem!important;margin-bottom:0.8rem!important;}}\u00bb][vc_column width=\u00bb1\/12&#8243; conditional_render=\u00bb%5B%7B%22value_role%22%3A%22administrator%22%7D%5D\u00bb el_class=\u00bbd-xxl-flex d-none\u00bb][\/vc_column][vc_column conditional_render=\u00bb%5B%7B%22value_role%22%3A%22administrator%22%7D%5D\u00bb el_class=\u00bborder-lg-1&#8243; offset=\u00bbvc_col-lg-offset-1 vc_col-lg-5 vc_col-md-6&#8243;][vc_single_image image=\u00bb431&#8243; img_size=\u00bbfull\u00bb css=\u00bb.vc_custom_1724981649937{margin-bottom: 0px !important;}\u00bb img_width=\u00bb{\u00abxl\u00ab:\u00ab\u00ab,\u00abunit\u00ab:\u00ab%\u00ab,\u00abxs\u00ab:\u00ab\u00ab,\u00absm\u00ab:\u00ab\u00ab,\u00abmd\u00ab:\u00ab\u00ab,\u00ablg\u00ab:\u00ab\u00ab}\u00bb][\/vc_column][vc_column conditional_render=\u00bb%5B%7B%22value_role%22%3A%22administrator%22%7D%5D\u00bb offset=\u00bbvc_col-lg-4 vc_col-md-6&#8243;][vc_custom_heading text=\u00bbHistoria\u00bb font_container=\u00bbtag:h3|font_size:1.25rem|text_align:left\u00bb use_theme_fonts=\u00bbyes\u00bb font_weight=\u00bb600&#8243; letter_spacing=\u00bb0.1em\u00bb css=\u00bb.vc_custom_1774018299062{margin-top: 0.5625rem !important;margin-bottom: 1.625rem !important;}\u00bb css_params=\u00bb{\u00abcss_margin_top_lg\u00ab:\u00ab1.5rem\u00ab,\u00abcss_margin_bottom_lg\u00ab:\u00ab0.6rem\u00ab,\u00abcss_margin_top_md\u00ab:\u00ab1.5rem\u00ab,\u00abcss_margin_bottom_md\u00ab:\u00ab0.7rem\u00ab}\u00bb custom_css_response=\u00bb@media(max-width:991px){.vc_custom_1774018299062{margin-top:1.5rem!important;margin-bottom:0.6rem!important;}}@media(max-width:767px){.vc_custom_1774018299062{margin-top:1.5rem!important;margin-bottom:0.7rem!important;}}\u00bb]<div class=\"porto-u-heading  wpb_custom_f6fb21b2c16b13bb56c565a92a20a396 porto-u-ad87e2eaf3f9c495180fe0156ddf3eb0  vc_custom_1774020135600\"><div class=\"porto-u-sub-heading\" style=\"margin-bottom:0px;\">\n<div class=\"Y3BBE\" data-sfc-cp=\"\" data-sfc-root=\"c\" data-sfc-cb=\"\" data-hveid=\"CAEIBBAA\" data-complete=\"true\" data-processed=\"true\">Todo comenz\u00f3 con una visi\u00f3n clara: cerrar la brecha entre los mejores productos del mundo y el consumidor local. Nacimos como un proyecto enfocado en la&nbsp;<strong class=\"Yjhzub\" data-sfc-root=\"c\" data-sfc-cb=\"\" data-complete=\"true\" data-processed=\"true\">importaci\u00f3n estrat\u00e9gica<\/strong>, entendiendo que el mercado no solo buscaba mercanc\u00eda, sino confianza, precios justos y una selecci\u00f3n rigurosa de calidad.<\/div>\n<div data-sfc-cp=\"\" data-sfc-root=\"c\" data-sfc-cb=\"\" data-hveid=\"CAEIBhAA\" data-complete=\"true\" data-processed=\"true\"><\/div>\n<div class=\"Y3BBE\" data-sfc-cp=\"\" data-sfc-root=\"c\" data-sfc-cb=\"\" data-hveid=\"CAEIBxAA\" data-complete=\"true\" data-processed=\"true\">Hoy, somos m\u00e1s que una importadora. Somos un ecosistema que genera valor para nuestros&nbsp;<strong class=\"Yjhzub\" data-sfc-root=\"c\" data-sfc-cb=\"\" data-complete=\"true\" data-processed=\"true\">accionistas, empleados y proveedores<\/strong>, trabajando d\u00eda a d\u00eda para que cada producto que entregamos supere las expectativas de quienes conf\u00edan en nosotros. Miramos al futuro con el compromiso de seguir innovando, pero manteniendo siempre nuestra esencia:&nbsp;<strong class=\"Yjhzub\" data-sfc-root=\"c\" data-sfc-cb=\"\" data-complete=\"true\" data-processed=\"true\">calidad accesible y atenci\u00f3n a tu medida.<\/strong><\/div>\n<p><\/div><style>.porto-u-ad87e2eaf3f9c495180fe0156ddf3eb0.porto-u-heading{text-align:left}<\/style><\/div>[\/vc_column][vc_column width=\u00bb1\/12&#8243; conditional_render=\u00bb%5B%7B%22value_role%22%3A%22administrator%22%7D%5D\u00bb el_class=\u00bborder-2 d-xxl-flex d-none\u00bb][\/vc_column][\/vc_row]<\/p>\n<\/div>","protected":false},"excerpt":{"rendered":"<p>[vc_row equal_height=\u00bbyes\u00bb conditional_render=\u00bb%5B%7B%22value_role%22%3A%22administrator%22%7D%5D\u00bb css=\u00bb.vc_custom_1725336304041{margin-top: 5.3vw !important;margin-bottom: 6.25rem !important;}\u00bb css_params=\u00bb{\u00abcss_margin_top_lg\u00ab:\u00ab1.6875rem\u00ab,\u00abcss_margin_bottom_lg\u00ab:\u00ab2.2rem\u00ab,\u00abcss_margin_top_md\u00ab:\u00ab1.18rem\u00ab,\u00abcss_margin_bottom_md\u00ab:\u00ab1.15rem\u00ab}\u00bb custom_css_response=\u00bb@media(max-width:991px){.vc_custom_1725336304041{margin-top:1.6875rem!important;margin-bottom:2.2rem!important;}}@media(max-width:767px){.vc_custom_1725336304041{margin-top:1.18rem!important;margin-bottom:1.15rem!important;}}\u00bb][vc_column offset=\u00bbvc_col-md-6&#8243; conditional_render=\u00bb%5B%7B%22value_role%22%3A%22administrator%22%7D%5D\u00bb][vc_row_inner equal_height=\u00bbyes\u00bb el_class=\u00bbh-100&#8243;][vc_column_inner el_class=\u00bbd-lg-none d-xl-flex\u00bb width=\u00bb1\/2&#8243; css=\u00bb.vc_custom_1724988971360{porto_vc_design_option}\u00bb css_params=\u00bb{\u00abcss_margin_bottom_md\u00ab:\u00ab20px\u00ab}\u00bb custom_css_response=\u00bb@media(max-width:767px){.vc_custom_1724988971360{margin-bottom:20px!important;}}\u00bb][vc_single_image image=\u00bb396&#8243; img_size=\u00bbfull\u00bb css=\u00bb.vc_custom_1724984728237{margin-bottom: 0px !important;}\u00bb img_object=\u00bbcover\u00bb img_width=\u00bb{\u00abunit\u00ab:\u00ab%\u00ab,\u00abxs\u00ab:\u00ab\u00ab,\u00absm\u00ab:\u00ab\u00ab,\u00abmd\u00ab:\u00ab\u00ab,\u00ablg\u00ab:\u00ab\u00ab,\u00abxl\u00ab:\u00ab100\u00ab}\u00bb img_height=\u00bb{\u00abunit\u00ab:\u00ab%\u00ab,\u00abxs\u00ab:\u00ab\u00ab,\u00absm\u00ab:\u00ab\u00ab,\u00abmd\u00ab:\u00ab\u00ab,\u00ablg\u00ab:\u00ab\u00ab,\u00abxl\u00ab:\u00ab100\u00ab}\u00bb el_class=\u00bbh-100 img-full\u00bb][\/vc_column_inner][vc_column_inner width=\u00bb1\/2&#8243; offset=\u00bbvc_col-lg-6 vc_col-md-12&#8243;][vc_single_image image=\u00bb397&#8243; img_size=\u00bbfull\u00bb css=\u00bb.vc_custom_1724984720494{margin-bottom: 0px !important;}\u00bb img_object=\u00bbcover\u00bb img_width=\u00bb{\u00abunit\u00ab:\u00ab%\u00ab,\u00abxs\u00ab:\u00ab\u00ab,\u00absm\u00ab:\u00ab\u00ab,\u00abmd\u00ab:\u00ab\u00ab,\u00ablg\u00ab:\u00ab\u00ab,\u00abxl\u00ab:\u00ab100\u00ab}\u00bb img_height=\u00bb{\u00abunit\u00ab:\u00ab%\u00ab,\u00abxs\u00ab:\u00ab\u00ab,\u00absm\u00ab:\u00ab\u00ab,\u00abmd\u00ab:\u00ab\u00ab,\u00ablg\u00ab:\u00ab\u00ab,\u00abxl\u00ab:\u00ab100\u00ab}\u00bb el_class=\u00bbh-100 img-full\u00bb][\/vc_column_inner][\/vc_row_inner][\/vc_column][vc_column offset=\u00bbvc_col-md-6&#8243; conditional_render=\u00bb%5B%7B%22value_role%22%3A%22administrator%22%7D%5D\u00bb css_params=\u00bb{\u00abcss_margin_top_lg\u00ab:\u00ab1.2rem\u00ab}\u00bb custom_css_response=\u00bb@media(max-width:991px){.vc_custom_1724989246918{margin-top:1.2rem!important;}}\u00bb][\/vc_column][\/vc_row][vc_row conditional_render=\u00bb%5B%7B%22value_role%22%3A%22administrator%22%7D%5D\u00bb][vc_column][vc_row_inner no_padding=\u00bbyes\u00bb equal_height=\u00bbyes\u00bb content_placement=\u00bbmiddle\u00bb css=\u00bb.vc_custom_1725336359683{padding-top: 6.625rem !important;padding-right: 8.45% [&hellip;]<\/p>\n","protected":false},"author":1,"featured_media":0,"parent":0,"menu_order":0,"comment_status":"closed","ping_status":"closed","template":"","meta":{"_joinchat":[],"footnotes":""},"class_list":["post-1188","page","type-page","status-publish","hentry"],"jetpack_sharing_enabled":true,"_links":{"self":[{"href":"https:\/\/www.tododescuento.cl\/web\/wp-json\/wp\/v2\/pages\/1188","targetHints":{"allow":["GET"]}}],"collection":[{"href":"https:\/\/www.tododescuento.cl\/web\/wp-json\/wp\/v2\/pages"}],"about":[{"href":"https:\/\/www.tododescuento.cl\/web\/wp-json\/wp\/v2\/types\/page"}],"author":[{"embeddable":true,"href":"https:\/\/www.tododescuento.cl\/web\/wp-json\/wp\/v2\/users\/1"}],"replies":[{"embeddable":true,"href":"https:\/\/www.tododescuento.cl\/web\/wp-json\/wp\/v2\/comments?post=1188"}],"version-history":[{"count":11,"href":"https:\/\/www.tododescuento.cl\/web\/wp-json\/wp\/v2\/pages\/1188\/revisions"}],"predecessor-version":[{"id":1665,"href":"https:\/\/www.tododescuento.cl\/web\/wp-json\/wp\/v2\/pages\/1188\/revisions\/1665"}],"wp:attachment":[{"href":"https:\/\/www.tododescuento.cl\/web\/wp-json\/wp\/v2\/media?parent=1188"}],"curies":[{"name":"wp","href":"https:\/\/api.w.org\/{rel}","templated":true}]}}